{"id":2411,"date":"2022-02-24T05:02:56","date_gmt":"2022-02-24T05:02:56","guid":{"rendered":"https:\/\/quebrachoexport.com\/carbon-quebracho-blanco-de-primera-calidad-de-paraguay\/"},"modified":"2024-10-09T14:18:36","modified_gmt":"2024-10-09T14:18:36","slug":"carbon-quebracho-blanco-de-primera-calidad-de-paraguay","status":"publish","type":"page","link":"https:\/\/quebrachoexport.com\/es\/","title":{"rendered":"Carb\u00f3n Quebracho Blanco de primera calidad de Paraguay"},"content":{"rendered":"\n<div class=\"wp-block-uagb-container uagb-block-1f87dc6d alignfull uagb-is-root-container\"><div class=\"uagb-container-inner-blocks-wrap\">\n<div class=\"wp-block-uagb-info-box uagb-block-67c67dbc uagb-infobox__content-wrap  uagb-infobox-icon-above-title uagb-infobox-image-valign-top\"><div class=\"uagb-ifb-content\"><div class=\"uagb-ifb-title-wrap\"><h1 class=\"uagb-ifb-title\">El mejor carb\u00f3n Quebracho Blanco, entregado en todo el mundo<br\/><\/h1><\/div><p class=\"uagb-ifb-desc\">La Diferencia del Carb\u00f3n Quebracho de Paraguay para el Mundo<\/p><div class=\"uagb-ifb-button-wrapper wp-block-button\"><a href=\"https:\/\/quebrachoexport.com\/es\/contacto\/\" class=\"uagb-infobox-cta-link wp-block-button__link\" target=\"_self\" rel=\"noopener noreferrer\" onclick=\"return true;\"><span class=\"uagb-inline-editing\">Contacto<\/span><\/a><\/div><\/div><\/div>\n<\/div><\/div>\n\n<div class=\"wp-block-uagb-container uagb-block-be8c9955 alignfull uagb-is-root-container\"><div class=\"uagb-container-inner-blocks-wrap\">\n<div class=\"wp-block-uagb-advanced-heading uagb-block-b6eb6c32\"><h2 class=\"uagb-heading-text\">UNA TRADICI\u00d3N DE EXCELENCIA EN EL CARB\u00d3N DE QUEBRACHO PARAGUAYO<\/h2><\/div>\n\n\n\n<p>Fundada en 1990, QuebrachoExport.com ha sido uno de los principales exportadores de carb\u00f3n vegetal Quebracho Blanco de primera calidad de Paraguay a varios pa\u00edses europeos y a Estados Unidos. A lo largo de los a\u00f1os, hemos suministrado con orgullo nuestro carb\u00f3n de alta calidad a numerosas marcas y marcas blancas, garantizando a nuestros clientes una experiencia culinaria al aire libre agradable y sin problemas.<\/p>\n\n\n\n<p>Nuestro \u00e9xito radica en nuestro compromiso inquebrantable de utilizar \u00fanicamente madera de Quebracho Blanco paraguayo de la mejor calidad en la producci\u00f3n de nuestro carb\u00f3n vegetal. Esta dedicaci\u00f3n garantiza un producto de primera calidad que minimiza el humo y las chispas, al tiempo que conserva el aut\u00e9ntico aroma natural del carb\u00f3n vegetal.<\/p>\n\n\n\n<p>Conocida por su densidad y sus propiedades de combusti\u00f3n lenta, la madera de Quebracho Blanco es la elecci\u00f3n ideal para elaborar carb\u00f3n de primera calidad con un alto poder calor\u00edfico y una combusti\u00f3n duradera. Cuidadosamente seleccionado y procesado, nuestro carb\u00f3n Quebracho es perfecto para sesiones de cocina prolongadas, eliminando la necesidad de repostar constantemente y permiti\u00e9ndole centrarse en sus creaciones culinarias.<\/p>\n\n\n\n<p>Nuestro carb\u00f3n Quebracho se distingue de la competencia por producir menos humo y chispas, lo que lo convierte en una opci\u00f3n m\u00e1s segura y c\u00f3moda para todas sus necesidades de cocina al aire libre. Rigurosamente probado para cumplir las normas de calidad m\u00e1s exigentes, nuestro carb\u00f3n ofrece siempre un rendimiento excelente, sea cual sea el entorno de cocci\u00f3n.<\/p>\n\n\n\n<p>En QuebrachoExport.com, nos enorgullece enormemente nuestro compromiso de ofrecer a los clientes el mejor carb\u00f3n de Quebracho del mercado. Nuestra amplia experiencia en la exportaci\u00f3n de carb\u00f3n vegetal de Quebracho, combinada con nuestra incesante b\u00fasqueda de la calidad, ha consolidado nuestra reputaci\u00f3n como proveedor de confianza de la industria. Experimente la diferencia QuebrachoExport.com y eleve su experiencia culinaria al aire libre hoy mismo.<\/p>\n\n\n\n<div class=\"wp-block-uagb-container uagb-block-55eb0d65\">\n<div class=\"wp-block-uagb-container uagb-block-afd2b76a\">\n<div class=\"wp-block-uagb-info-box uagb-block-73fb5bac uagb-infobox__content-wrap  uagb-infobox-icon-above-title uagb-infobox-image-valign-top\"><div class=\"uagb-ifb-content\"><div class=\"uagb-ifb-image-content\"><img decoding=\"async\" data-src=\"https:\/\/quebrachoexport.com\/wp-content\/uploads\/2023\/05\/White-Quebracho-Charcoal-Long-Lasting-Burn.png\" alt=\"White Quebracho Charcoal Long Lasting Burn\" width=\"300\" height=\"300\" src=\"data:image\/svg+xml;base64,PHN2ZyB3aWR0aD0iMSIgaGVpZ2h0PSIxIiB4bWxucz0iaHR0cDovL3d3dy53My5vcmcvMjAwMC9zdmciPjwvc3ZnPg==\" class=\"lazyload\" style=\"--smush-placeholder-width: 300px; --smush-placeholder-aspect-ratio: 300\/300;\" \/><\/div><div class=\"uagb-ifb-title-wrap\"><h3 class=\"uagb-ifb-title\">Quemadura de larga duraci\u00f3n<\/h3><\/div><p class=\"uagb-ifb-desc\">Con su alta densidad y baja producci\u00f3n de humo, el carb\u00f3n Quebracho Blanco es una elecci\u00f3n perfecta para conseguir un sabor limpio y delicioso en sus platos a la parrilla.<\/p><\/div><\/div>\n<\/div>\n\n\n\n<div class=\"wp-block-uagb-container uagb-block-268a7584\">\n<div class=\"wp-block-uagb-info-box uagb-block-6727b895 uagb-infobox__content-wrap  uagb-infobox-icon-above-title uagb-infobox-image-valign-top\"><div class=\"uagb-ifb-content\"><div class=\"uagb-ifb-image-content\"><img decoding=\"async\" data-src=\"https:\/\/quebrachoexport.com\/wp-content\/uploads\/2023\/05\/Quebracho-Blanco-Charcoal-Eco-Friendly.png\" alt=\"Quebracho blanco charcoal\" width=\"300\" height=\"300\" src=\"data:image\/svg+xml;base64,PHN2ZyB3aWR0aD0iMSIgaGVpZ2h0PSIxIiB4bWxucz0iaHR0cDovL3d3dy53My5vcmcvMjAwMC9zdmciPjwvc3ZnPg==\" class=\"lazyload\" style=\"--smush-placeholder-width: 300px; --smush-placeholder-aspect-ratio: 300\/300;\" \/><\/div><div class=\"uagb-ifb-title-wrap\"><h3 class=\"uagb-ifb-title\">Ecol\u00f3gico y sostenible<\/h3><\/div><p class=\"uagb-ifb-desc\">Nuestro carb\u00f3n Quebracho Blanco procede de bosques gestionados de forma responsable en Paraguay, lo que garantiza un producto ecol\u00f3gico y sostenible que contribuye a preservar el medio ambiente.<\/p><\/div><\/div>\n<\/div>\n\n\n\n<div class=\"wp-block-uagb-container uagb-block-fe23a21b\">\n<div class=\"wp-block-uagb-info-box uagb-block-8ff5933f uagb-infobox__content-wrap  uagb-infobox-icon-above-title uagb-infobox-image-valign-top\"><div class=\"uagb-ifb-content\"><div class=\"uagb-ifb-image-content\"><img decoding=\"async\" data-src=\"https:\/\/quebrachoexport.com\/wp-content\/uploads\/2023\/05\/White-Quebracho-Charcoal-Low-Smoke2.png\" alt=\"Quebracho charcoal\" width=\"300\" height=\"300\" src=\"data:image\/svg+xml;base64,PHN2ZyB3aWR0aD0iMSIgaGVpZ2h0PSIxIiB4bWxucz0iaHR0cDovL3d3dy53My5vcmcvMjAwMC9zdmciPjwvc3ZnPg==\" class=\"lazyload\" style=\"--smush-placeholder-width: 300px; --smush-placeholder-aspect-ratio: 300\/300;\" \/><\/div><div class=\"uagb-ifb-title-wrap\"><h3 class=\"uagb-ifb-title\">Poco Humo y Brillo<\/h3><\/div><p class=\"uagb-ifb-desc\">Nuestro carb\u00f3n Quebracho Blanco de primera calidad produce un m\u00ednimo de humo y chispas, haciendo que su experiencia de cocinar al aire libre sea m\u00e1s segura, agradable y libre de humos desagradables.<\/p><\/div><\/div>\n<\/div>\n<\/div>\n<\/div><\/div>\n\n<div class=\"wp-block-uagb-container uagb-block-bb041ae5 alignfull uagb-is-root-container\"><div class=\"uagb-container-inner-blocks-wrap\">\n<div class=\"wp-block-uagb-info-box uagb-block-467524e0 uagb-infobox__content-wrap  uagb-infobox-icon-above-title uagb-infobox-image-valign-top\"><div class=\"uagb-ifb-content\"><div class=\"uagb-ifb-title-wrap\"><h5 class=\"uagb-ifb-title\">\u00bfPREGUNTAS?<\/h5><\/div><p class=\"uagb-ifb-desc\">P\u00f3ngase en contacto con nosotros hoy mismo para obtener m\u00e1s informaci\u00f3n sobre nuestro carb\u00f3n de alta calidad y nuestras opciones de precios.<\/p><div class=\"uagb-ifb-button-wrapper wp-block-button\"><a href=\"https:\/\/quebrachoexport.com\/es\/contacto\/\" class=\"uagb-infobox-cta-link wp-block-button__link\" target=\"_self\" rel=\"noopener noreferrer\" onclick=\"return true;\"><span class=\"uagb-inline-editing\">Solicitar presupuesto<\/span><\/a><\/div><\/div><\/div>\n<\/div><\/div>\n","protected":false},"excerpt":{"rendered":"<p>UNA TRADICI\u00d3N DE EXCELENCIA EN EL CARB\u00d3N DE QUEBRACHO PARAGUAYO Fundada en 1990, QuebrachoExport.com ha sido uno de los principales exportadores de carb\u00f3n vegetal Quebracho Blanco de primera calidad de Paraguay a varios pa\u00edses europeos y a Estados Unidos. A lo largo de los a\u00f1os, hemos suministrado con orgullo nuestro carb\u00f3n de alta calidad a &hellip;<\/p>\n<p class=\"read-more\"> <a class=\"\" href=\"https:\/\/quebrachoexport.com\/es\/\"> <span class=\"screen-reader-text\">Carb\u00f3n Quebracho Blanco de primera calidad de Paraguay<\/span> Read More \u00bb<\/a><\/p>\n","protected":false},"author":1,"featured_media":2983,"parent":0,"menu_order":0,"comment_status":"closed","ping_status":"closed","template":"","meta":{"_uag_custom_page_level_css":"","site-sidebar-layout":"no-sidebar","site-content-layout":"page-builder","ast-global-header-display":"","ast-main-header-display":"","ast-hfb-above-header-display":"","ast-hfb-below-header-display":"","ast-hfb-mobile-header-display":"","site-post-title":"disabled","ast-breadcrumbs-content":"","ast-featured-img":"disabled","footer-sml-layout":"","theme-transparent-header-meta":"disabled","adv-header-id-meta":"","stick-header-meta":"","header-above-stick-meta":"","header-main-stick-meta":"","header-below-stick-meta":"","footnotes":""},"class_list":["post-2411","page","type-page","status-publish","has-post-thumbnail","hentry"],"yoast_head":"<!-- This site is optimized with the Yoast SEO plugin v27.4 - https:\/\/yoast.com\/product\/yoast-seo-wordpress\/ -->\n<title>Carb\u00f3n Quebracho Blanco: El mejor producto paraguayo para asar a la parrilla<\/title>\n<meta name=\"description\" content=\"Descubra el carb\u00f3n Quebracho Blanco de Paraguay. Experimente el combustible ecol\u00f3gico de mejor calidad para asar a la parrilla, barbacoas y mucho m\u00e1s - \u00a1enviado a todo el mundo!\" \/>\n<meta name=\"robots\" content=\"index, follow, max-snippet:-1, max-image-preview:large, max-video-preview:-1\" \/>\n<link rel=\"canonical\" href=\"https:\/\/quebrachoexport.com\/es\/\" \/>\n<meta property=\"og:locale\" content=\"es_ES\" \/>\n<meta property=\"og:type\" content=\"article\" \/>\n<meta property=\"og:title\" content=\"Carb\u00f3n Quebracho Blanco: El mejor producto paraguayo para asar a la parrilla\" \/>\n<meta property=\"og:description\" content=\"Descubra el carb\u00f3n Quebracho Blanco de Paraguay. Experimente el combustible ecol\u00f3gico de mejor calidad para asar a la parrilla, barbacoas y mucho m\u00e1s - \u00a1enviado a todo el mundo!\" \/>\n<meta property=\"og:url\" content=\"https:\/\/quebrachoexport.com\/es\/\" \/>\n<meta property=\"og:site_name\" content=\"Premium Quebracho Blanco Charcoal From Paraguay\" \/>\n<meta property=\"article:publisher\" content=\"https:\/\/www.facebook.com\/quebrachoexport\" \/>\n<meta property=\"article:modified_time\" content=\"2024-10-09T14:18:36+00:00\" \/>\n<meta property=\"og:image\" content=\"https:\/\/quebrachoexport.com\/wp-content\/uploads\/2024\/07\/white-quebracho-charoal.jpeg\" \/>\n\t<meta property=\"og:image:width\" content=\"1025\" \/>\n\t<meta property=\"og:image:height\" content=\"1280\" \/>\n\t<meta property=\"og:image:type\" content=\"image\/jpeg\" \/>\n<meta name=\"twitter:card\" content=\"summary_large_image\" \/>\n<meta name=\"twitter:label1\" content=\"Tiempo de lectura\" \/>\n\t<meta name=\"twitter:data1\" content=\"2 minutos\" \/>\n<script type=\"application\/ld+json\" class=\"yoast-schema-graph\">{\"@context\":\"https:\\\/\\\/schema.org\",\"@graph\":[{\"@type\":\"WebPage\",\"@id\":\"https:\\\/\\\/quebrachoexport.com\\\/es\\\/\",\"url\":\"https:\\\/\\\/quebrachoexport.com\\\/es\\\/\",\"name\":\"Carb\u00f3n Quebracho Blanco: El mejor producto paraguayo para asar a la parrilla\",\"isPartOf\":{\"@id\":\"https:\\\/\\\/quebrachoexport.com\\\/es\\\/#website\"},\"primaryImageOfPage\":{\"@id\":\"https:\\\/\\\/quebrachoexport.com\\\/es\\\/#primaryimage\"},\"image\":{\"@id\":\"https:\\\/\\\/quebrachoexport.com\\\/es\\\/#primaryimage\"},\"thumbnailUrl\":\"https:\\\/\\\/quebrachoexport.com\\\/wp-content\\\/uploads\\\/2024\\\/07\\\/white-quebracho-charoal.jpeg\",\"datePublished\":\"2022-02-24T05:02:56+00:00\",\"dateModified\":\"2024-10-09T14:18:36+00:00\",\"description\":\"Descubra el carb\u00f3n Quebracho Blanco de Paraguay. Experimente el combustible ecol\u00f3gico de mejor calidad para asar a la parrilla, barbacoas y mucho m\u00e1s - \u00a1enviado a todo el mundo!\",\"breadcrumb\":{\"@id\":\"https:\\\/\\\/quebrachoexport.com\\\/es\\\/#breadcrumb\"},\"inLanguage\":\"es\",\"potentialAction\":[{\"@type\":\"ReadAction\",\"target\":[\"https:\\\/\\\/quebrachoexport.com\\\/es\\\/\"]}]},{\"@type\":\"ImageObject\",\"inLanguage\":\"es\",\"@id\":\"https:\\\/\\\/quebrachoexport.com\\\/es\\\/#primaryimage\",\"url\":\"https:\\\/\\\/quebrachoexport.com\\\/wp-content\\\/uploads\\\/2024\\\/07\\\/white-quebracho-charoal.jpeg\",\"contentUrl\":\"https:\\\/\\\/quebrachoexport.com\\\/wp-content\\\/uploads\\\/2024\\\/07\\\/white-quebracho-charoal.jpeg\",\"width\":1025,\"height\":1280,\"caption\":\"white-quebracho-charoal\"},{\"@type\":\"BreadcrumbList\",\"@id\":\"https:\\\/\\\/quebrachoexport.com\\\/es\\\/#breadcrumb\",\"itemListElement\":[{\"@type\":\"ListItem\",\"position\":1,\"name\":\"Home\",\"item\":\"https:\\\/\\\/quebrachoexport.com\\\/es\\\/\"},{\"@type\":\"ListItem\",\"position\":2,\"name\":\"Carb\u00f3n Quebracho Blanco de primera calidad de Paraguay\"}]},{\"@type\":\"WebSite\",\"@id\":\"https:\\\/\\\/quebrachoexport.com\\\/es\\\/#website\",\"url\":\"https:\\\/\\\/quebrachoexport.com\\\/es\\\/\",\"name\":\"Premium Quebracho Blanco Charcoal From Paraguay\",\"description\":\"\",\"publisher\":{\"@id\":\"https:\\\/\\\/quebrachoexport.com\\\/es\\\/#organization\"},\"potentialAction\":[{\"@type\":\"SearchAction\",\"target\":{\"@type\":\"EntryPoint\",\"urlTemplate\":\"https:\\\/\\\/quebrachoexport.com\\\/es\\\/?s={search_term_string}\"},\"query-input\":{\"@type\":\"PropertyValueSpecification\",\"valueRequired\":true,\"valueName\":\"search_term_string\"}}],\"inLanguage\":\"es\"},{\"@type\":\"Organization\",\"@id\":\"https:\\\/\\\/quebrachoexport.com\\\/es\\\/#organization\",\"name\":\"Premium Quebracho Blanco Charcoal From Paraguay\",\"url\":\"https:\\\/\\\/quebrachoexport.com\\\/es\\\/\",\"logo\":{\"@type\":\"ImageObject\",\"inLanguage\":\"es\",\"@id\":\"https:\\\/\\\/quebrachoexport.com\\\/es\\\/#\\\/schema\\\/logo\\\/image\\\/\",\"url\":\"https:\\\/\\\/quebrachoexport.com\\\/wp-content\\\/uploads\\\/2023\\\/05\\\/Quebracho-Blanco-Logo-5.png\",\"contentUrl\":\"https:\\\/\\\/quebrachoexport.com\\\/wp-content\\\/uploads\\\/2023\\\/05\\\/Quebracho-Blanco-Logo-5.png\",\"width\":180,\"height\":60,\"caption\":\"Premium Quebracho Blanco Charcoal From Paraguay\"},\"image\":{\"@id\":\"https:\\\/\\\/quebrachoexport.com\\\/es\\\/#\\\/schema\\\/logo\\\/image\\\/\"},\"sameAs\":[\"https:\\\/\\\/www.facebook.com\\\/quebrachoexport\",\"https:\\\/\\\/www.linkedin.com\\\/company\\\/93223467\"]}]}<\/script>\n<!-- \/ Yoast SEO plugin. -->","yoast_head_json":{"title":"Carb\u00f3n Quebracho Blanco: El mejor producto paraguayo para asar a la parrilla","description":"Descubra el carb\u00f3n Quebracho Blanco de Paraguay. Experimente el combustible ecol\u00f3gico de mejor calidad para asar a la parrilla, barbacoas y mucho m\u00e1s - \u00a1enviado a todo el mundo!","robots":{"index":"index","follow":"follow","max-snippet":"max-snippet:-1","max-image-preview":"max-image-preview:large","max-video-preview":"max-video-preview:-1"},"canonical":"https:\/\/quebrachoexport.com\/es\/","og_locale":"es_ES","og_type":"article","og_title":"Carb\u00f3n Quebracho Blanco: El mejor producto paraguayo para asar a la parrilla","og_description":"Descubra el carb\u00f3n Quebracho Blanco de Paraguay. Experimente el combustible ecol\u00f3gico de mejor calidad para asar a la parrilla, barbacoas y mucho m\u00e1s - \u00a1enviado a todo el mundo!","og_url":"https:\/\/quebrachoexport.com\/es\/","og_site_name":"Premium Quebracho Blanco Charcoal From Paraguay","article_publisher":"https:\/\/www.facebook.com\/quebrachoexport","article_modified_time":"2024-10-09T14:18:36+00:00","og_image":[{"width":1025,"height":1280,"url":"https:\/\/quebrachoexport.com\/wp-content\/uploads\/2024\/07\/white-quebracho-charoal.jpeg","type":"image\/jpeg"}],"twitter_card":"summary_large_image","twitter_misc":{"Tiempo de lectura":"2 minutos"},"schema":{"@context":"https:\/\/schema.org","@graph":[{"@type":"WebPage","@id":"https:\/\/quebrachoexport.com\/es\/","url":"https:\/\/quebrachoexport.com\/es\/","name":"Carb\u00f3n Quebracho Blanco: El mejor producto paraguayo para asar a la parrilla","isPartOf":{"@id":"https:\/\/quebrachoexport.com\/es\/#website"},"primaryImageOfPage":{"@id":"https:\/\/quebrachoexport.com\/es\/#primaryimage"},"image":{"@id":"https:\/\/quebrachoexport.com\/es\/#primaryimage"},"thumbnailUrl":"https:\/\/quebrachoexport.com\/wp-content\/uploads\/2024\/07\/white-quebracho-charoal.jpeg","datePublished":"2022-02-24T05:02:56+00:00","dateModified":"2024-10-09T14:18:36+00:00","description":"Descubra el carb\u00f3n Quebracho Blanco de Paraguay. Experimente el combustible ecol\u00f3gico de mejor calidad para asar a la parrilla, barbacoas y mucho m\u00e1s - \u00a1enviado a todo el mundo!","breadcrumb":{"@id":"https:\/\/quebrachoexport.com\/es\/#breadcrumb"},"inLanguage":"es","potentialAction":[{"@type":"ReadAction","target":["https:\/\/quebrachoexport.com\/es\/"]}]},{"@type":"ImageObject","inLanguage":"es","@id":"https:\/\/quebrachoexport.com\/es\/#primaryimage","url":"https:\/\/quebrachoexport.com\/wp-content\/uploads\/2024\/07\/white-quebracho-charoal.jpeg","contentUrl":"https:\/\/quebrachoexport.com\/wp-content\/uploads\/2024\/07\/white-quebracho-charoal.jpeg","width":1025,"height":1280,"caption":"white-quebracho-charoal"},{"@type":"BreadcrumbList","@id":"https:\/\/quebrachoexport.com\/es\/#breadcrumb","itemListElement":[{"@type":"ListItem","position":1,"name":"Home","item":"https:\/\/quebrachoexport.com\/es\/"},{"@type":"ListItem","position":2,"name":"Carb\u00f3n Quebracho Blanco de primera calidad de Paraguay"}]},{"@type":"WebSite","@id":"https:\/\/quebrachoexport.com\/es\/#website","url":"https:\/\/quebrachoexport.com\/es\/","name":"Premium Quebracho Blanco Charcoal From Paraguay","description":"","publisher":{"@id":"https:\/\/quebrachoexport.com\/es\/#organization"},"potentialAction":[{"@type":"SearchAction","target":{"@type":"EntryPoint","urlTemplate":"https:\/\/quebrachoexport.com\/es\/?s={search_term_string}"},"query-input":{"@type":"PropertyValueSpecification","valueRequired":true,"valueName":"search_term_string"}}],"inLanguage":"es"},{"@type":"Organization","@id":"https:\/\/quebrachoexport.com\/es\/#organization","name":"Premium Quebracho Blanco Charcoal From Paraguay","url":"https:\/\/quebrachoexport.com\/es\/","logo":{"@type":"ImageObject","inLanguage":"es","@id":"https:\/\/quebrachoexport.com\/es\/#\/schema\/logo\/image\/","url":"https:\/\/quebrachoexport.com\/wp-content\/uploads\/2023\/05\/Quebracho-Blanco-Logo-5.png","contentUrl":"https:\/\/quebrachoexport.com\/wp-content\/uploads\/2023\/05\/Quebracho-Blanco-Logo-5.png","width":180,"height":60,"caption":"Premium Quebracho Blanco Charcoal From Paraguay"},"image":{"@id":"https:\/\/quebrachoexport.com\/es\/#\/schema\/logo\/image\/"},"sameAs":["https:\/\/www.facebook.com\/quebrachoexport","https:\/\/www.linkedin.com\/company\/93223467"]}]}},"uagb_featured_image_src":{"full":["https:\/\/quebrachoexport.com\/wp-content\/uploads\/2024\/07\/white-quebracho-charoal.jpeg",1025,1280,false],"thumbnail":["https:\/\/quebrachoexport.com\/wp-content\/uploads\/2024\/07\/white-quebracho-charoal-150x150.jpeg",150,150,true],"medium":["https:\/\/quebrachoexport.com\/wp-content\/uploads\/2024\/07\/white-quebracho-charoal-240x300.jpeg",240,300,true],"medium_large":["https:\/\/quebrachoexport.com\/wp-content\/uploads\/2024\/07\/white-quebracho-charoal-768x959.jpeg",768,959,true],"large":["https:\/\/quebrachoexport.com\/wp-content\/uploads\/2024\/07\/white-quebracho-charoal-820x1024.jpeg",820,1024,true],"1536x1536":["https:\/\/quebrachoexport.com\/wp-content\/uploads\/2024\/07\/white-quebracho-charoal.jpeg",1025,1280,false],"2048x2048":["https:\/\/quebrachoexport.com\/wp-content\/uploads\/2024\/07\/white-quebracho-charoal.jpeg",1025,1280,false]},"uagb_author_info":{"display_name":"admin","author_link":"https:\/\/quebrachoexport.com\/es\/author\/admin\/"},"uagb_comment_info":0,"uagb_excerpt":"UNA TRADICI\u00d3N DE EXCELENCIA EN EL CARB\u00d3N DE QUEBRACHO PARAGUAYO Fundada en 1990, QuebrachoExport.com ha sido uno de los principales exportadores de carb\u00f3n vegetal Quebracho Blanco de primera calidad de Paraguay a varios pa\u00edses europeos y a Estados Unidos. A lo largo de los a\u00f1os, hemos suministrado con orgullo nuestro carb\u00f3n de alta calidad a&hellip;","_links":{"self":[{"href":"https:\/\/quebrachoexport.com\/es\/wp-json\/wp\/v2\/pages\/2411","targetHints":{"allow":["GET"]}}],"collection":[{"href":"https:\/\/quebrachoexport.com\/es\/wp-json\/wp\/v2\/pages"}],"about":[{"href":"https:\/\/quebrachoexport.com\/es\/wp-json\/wp\/v2\/types\/page"}],"author":[{"embeddable":true,"href":"https:\/\/quebrachoexport.com\/es\/wp-json\/wp\/v2\/users\/1"}],"replies":[{"embeddable":true,"href":"https:\/\/quebrachoexport.com\/es\/wp-json\/wp\/v2\/comments?post=2411"}],"version-history":[{"count":5,"href":"https:\/\/quebrachoexport.com\/es\/wp-json\/wp\/v2\/pages\/2411\/revisions"}],"predecessor-version":[{"id":3017,"href":"https:\/\/quebrachoexport.com\/es\/wp-json\/wp\/v2\/pages\/2411\/revisions\/3017"}],"wp:featuredmedia":[{"embeddable":true,"href":"https:\/\/quebrachoexport.com\/es\/wp-json\/wp\/v2\/media\/2983"}],"wp:attachment":[{"href":"https:\/\/quebrachoexport.com\/es\/wp-json\/wp\/v2\/media?parent=2411"}],"curies":[{"name":"wp","href":"https:\/\/api.w.org\/{rel}","templated":true}]}}