{"id":3018,"date":"2022-02-24T05:02:56","date_gmt":"2022-02-24T05:02:56","guid":{"rendered":"https:\/\/quebrachoexport.com\/carvao-vegetal-quebracho-blanco-premium-do-paraguai\/"},"modified":"2024-10-09T14:18:37","modified_gmt":"2024-10-09T14:18:37","slug":"carvao-vegetal-quebracho-blanco-premium-do-paraguai","status":"publish","type":"page","link":"https:\/\/quebrachoexport.com\/pt-br\/","title":{"rendered":"Carv\u00e3o vegetal Quebracho Blanco Premium do Paraguai"},"content":{"rendered":"\n<div class=\"wp-block-uagb-container uagb-block-1f87dc6d alignfull uagb-is-root-container\"><div class=\"uagb-container-inner-blocks-wrap\">\n<div class=\"wp-block-uagb-info-box uagb-block-67c67dbc uagb-infobox__content-wrap  uagb-infobox-icon-above-title uagb-infobox-image-valign-top\"><div class=\"uagb-ifb-content\"><div class=\"uagb-ifb-title-wrap\"><h1 class=\"uagb-ifb-title\">O melhor carv\u00e3o Quebracho Blanco, entregue em todo o mundo<br\/><\/h1><\/div><p class=\"uagb-ifb-desc\">A diferen\u00e7a do carv\u00e3o vegetal Quebracho do Paraguai para o mundo<\/p><div class=\"uagb-ifb-button-wrapper wp-block-button\"><a href=\"https:\/\/quebrachoexport.com\/contact\/\" class=\"uagb-infobox-cta-link wp-block-button__link\" target=\"_self\" rel=\"noopener noreferrer\" onclick=\"return true;\"><span class=\"uagb-inline-editing\">Entre em contato conosco<\/span><\/a><\/div><\/div><\/div>\n<\/div><\/div>\n\n<div class=\"wp-block-uagb-container uagb-block-be8c9955 alignfull uagb-is-root-container\"><div class=\"uagb-container-inner-blocks-wrap\">\n<div class=\"wp-block-uagb-advanced-heading uagb-block-b6eb6c32\"><h2 class=\"uagb-heading-text\">UMA TRADI\u00c7\u00c3O DE EXCEL\u00caNCIA EM CARV\u00c3O VEGETAL DE QUEBRACHO PARAGUAIO<\/h2><\/div>\n\n\n\n<p>Fundada em 1990, a QuebrachoExport.com tem sido uma das principais exportadoras de carv\u00e3o Quebracho Blanco premium do Paraguai para v\u00e1rios pa\u00edses europeus e para os Estados Unidos. Ao longo dos anos, fornecemos com orgulho in\u00fameras marcas e r\u00f3tulos privados com nosso carv\u00e3o de alta qualidade, garantindo aos nossos clientes uma experi\u00eancia perfeita e agrad\u00e1vel de cozinhar ao ar livre. <\/p>\n\n\n\n<p>Nosso sucesso est\u00e1 em nosso compromisso inabal\u00e1vel de usar apenas a madeira Quebracho Blanco paraguaia da melhor qualidade na produ\u00e7\u00e3o de nosso carv\u00e3o vegetal. Essa dedica\u00e7\u00e3o garante um produto de primeira linha que minimiza a fuma\u00e7a e as fa\u00edscas, preservando o aroma aut\u00eantico e natural do carv\u00e3o vegetal. <\/p>\n\n\n\n<p>Reconhecida por sua densidade e propriedades de queima lenta, a madeira Quebracho Blanco \u00e9 a escolha ideal para a fabrica\u00e7\u00e3o de carv\u00e3o vegetal premium com alto poder calor\u00edfico e queima duradoura. Cuidadosamente selecionado e processado, nosso carv\u00e3o Quebracho \u00e9 perfeito para sess\u00f5es de cozimento prolongadas, eliminando a necessidade de reabastecimento constante e permitindo que voc\u00ea se concentre em suas cria\u00e7\u00f5es culin\u00e1rias. <\/p>\n\n\n\n<p>Nosso carv\u00e3o Quebracho se destaca da concorr\u00eancia por produzir menos fuma\u00e7a e fa\u00edscas, o que o torna uma op\u00e7\u00e3o mais segura e conveniente para todas as suas necessidades de cozinhar ao ar livre. Rigorosamente testado para atender aos mais altos padr\u00f5es de qualidade, nosso carv\u00e3o vegetal oferece excelente desempenho de forma consistente, independentemente do ambiente de cozimento. <\/p>\n\n\n\n<p>No QuebrachoExport.com, temos imenso orgulho de nosso compromisso de fornecer aos clientes o melhor carv\u00e3o vegetal de Quebracho do mercado. Nossa ampla experi\u00eancia na exporta\u00e7\u00e3o de carv\u00e3o vegetal Quebracho, combinada com nossa busca incessante pela qualidade, solidificou nossa reputa\u00e7\u00e3o como um fornecedor confi\u00e1vel do setor. Experimente a diferen\u00e7a do QuebrachoExport.com e eleve sua experi\u00eancia de cozinhar ao ar livre hoje mesmo.  <\/p>\n\n\n\n<div class=\"wp-block-uagb-container uagb-block-55eb0d65\">\n<div class=\"wp-block-uagb-container uagb-block-afd2b76a\">\n<div class=\"wp-block-uagb-info-box uagb-block-73fb5bac uagb-infobox__content-wrap  uagb-infobox-icon-above-title uagb-infobox-image-valign-top\"><div class=\"uagb-ifb-content\"><div class=\"uagb-ifb-image-content\"><img decoding=\"async\" data-src=\"https:\/\/quebrachoexport.com\/wp-content\/uploads\/2023\/05\/White-Quebracho-Charcoal-Long-Lasting-Burn.png\" alt=\"White Quebracho Charcoal Long Lasting Burn\" width=\"300\" height=\"300\" src=\"data:image\/svg+xml;base64,PHN2ZyB3aWR0aD0iMSIgaGVpZ2h0PSIxIiB4bWxucz0iaHR0cDovL3d3dy53My5vcmcvMjAwMC9zdmciPjwvc3ZnPg==\" class=\"lazyload\" style=\"--smush-placeholder-width: 300px; --smush-placeholder-aspect-ratio: 300\/300;\" \/><\/div><div class=\"uagb-ifb-title-wrap\"><h3 class=\"uagb-ifb-title\">Queima de longa dura\u00e7\u00e3o<\/h3><\/div><p class=\"uagb-ifb-desc\">Com sua alta densidade e baixa produ\u00e7\u00e3o de fuma\u00e7a, o carv\u00e3o Quebracho Blanco \u00e9 a escolha perfeita para obter um sabor limpo e delicioso em seus pratos grelhados.<\/p><\/div><\/div>\n<\/div>\n\n\n\n<div class=\"wp-block-uagb-container uagb-block-268a7584\">\n<div class=\"wp-block-uagb-info-box uagb-block-6727b895 uagb-infobox__content-wrap  uagb-infobox-icon-above-title uagb-infobox-image-valign-top\"><div class=\"uagb-ifb-content\"><div class=\"uagb-ifb-image-content\"><img decoding=\"async\" data-src=\"https:\/\/quebrachoexport.com\/wp-content\/uploads\/2023\/05\/Quebracho-Blanco-Charcoal-Eco-Friendly.png\" alt=\"Quebracho blanco charcoal\" width=\"300\" height=\"300\" src=\"data:image\/svg+xml;base64,PHN2ZyB3aWR0aD0iMSIgaGVpZ2h0PSIxIiB4bWxucz0iaHR0cDovL3d3dy53My5vcmcvMjAwMC9zdmciPjwvc3ZnPg==\" class=\"lazyload\" style=\"--smush-placeholder-width: 300px; --smush-placeholder-aspect-ratio: 300\/300;\" \/><\/div><div class=\"uagb-ifb-title-wrap\"><h3 class=\"uagb-ifb-title\">Ecologicamente correto e sustent\u00e1vel<\/h3><\/div><p class=\"uagb-ifb-desc\">Nosso carv\u00e3o Quebracho Branco \u00e9 proveniente de florestas gerenciadas de forma respons\u00e1vel no Paraguai, garantindo um produto ecol\u00f3gico e sustent\u00e1vel que contribui para a preserva\u00e7\u00e3o do meio ambiente.<\/p><\/div><\/div>\n<\/div>\n\n\n\n<div class=\"wp-block-uagb-container uagb-block-fe23a21b\">\n<div class=\"wp-block-uagb-info-box uagb-block-8ff5933f uagb-infobox__content-wrap  uagb-infobox-icon-above-title uagb-infobox-image-valign-top\"><div class=\"uagb-ifb-content\"><div class=\"uagb-ifb-image-content\"><img decoding=\"async\" data-src=\"https:\/\/quebrachoexport.com\/wp-content\/uploads\/2023\/05\/White-Quebracho-Charcoal-Low-Smoke2.png\" alt=\"Quebracho charcoal\" width=\"300\" height=\"300\" src=\"data:image\/svg+xml;base64,PHN2ZyB3aWR0aD0iMSIgaGVpZ2h0PSIxIiB4bWxucz0iaHR0cDovL3d3dy53My5vcmcvMjAwMC9zdmciPjwvc3ZnPg==\" class=\"lazyload\" style=\"--smush-placeholder-width: 300px; --smush-placeholder-aspect-ratio: 300\/300;\" \/><\/div><div class=\"uagb-ifb-title-wrap\"><h3 class=\"uagb-ifb-title\">Pouca fuma\u00e7a e brilho<\/h3><\/div><p class=\"uagb-ifb-desc\">Nosso carv\u00e3o Quebracho Blanco premium produz o m\u00ednimo de fuma\u00e7a e fa\u00edscas, tornando sua experi\u00eancia de cozinhar ao ar livre mais segura, mais agrad\u00e1vel e livre de vapores desagrad\u00e1veis.<\/p><\/div><\/div>\n<\/div>\n<\/div>\n<\/div><\/div>\n\n<div class=\"wp-block-uagb-container uagb-block-bb041ae5 alignfull uagb-is-root-container\"><div class=\"uagb-container-inner-blocks-wrap\">\n<div class=\"wp-block-uagb-info-box uagb-block-467524e0 uagb-infobox__content-wrap  uagb-infobox-icon-above-title uagb-infobox-image-valign-top\"><div class=\"uagb-ifb-content\"><div class=\"uagb-ifb-title-wrap\"><h5 class=\"uagb-ifb-title\">PERGUNTAS?<\/h5><\/div><p class=\"uagb-ifb-desc\">Entre em contato conosco hoje mesmo para saber mais sobre nossas op\u00e7\u00f5es de carv\u00e3o vegetal de alta qualidade e pre\u00e7os.<\/p><div class=\"uagb-ifb-button-wrapper wp-block-button\"><a href=\"https:\/\/quebrachoexport.com\/contact\/\" class=\"uagb-infobox-cta-link wp-block-button__link\" target=\"_self\" rel=\"noopener noreferrer\" onclick=\"return true;\"><span class=\"uagb-inline-editing\">Solicite uma cota\u00e7\u00e3o<\/span><\/a><\/div><\/div><\/div>\n<\/div><\/div>\n","protected":false},"excerpt":{"rendered":"<p>UMA TRADI\u00c7\u00c3O DE EXCEL\u00caNCIA EM CARV\u00c3O VEGETAL DE QUEBRACHO PARAGUAIO Fundada em 1990, a QuebrachoExport.com tem sido uma das principais exportadoras de carv\u00e3o Quebracho Blanco premium do Paraguai para v\u00e1rios pa\u00edses europeus e para os Estados Unidos. Ao longo dos anos, fornecemos com orgulho in\u00fameras marcas e r\u00f3tulos privados com nosso carv\u00e3o de alta qualidade, &hellip;<\/p>\n<p class=\"read-more\"> <a class=\"\" href=\"https:\/\/quebrachoexport.com\/pt-br\/\"> <span class=\"screen-reader-text\">Carv\u00e3o vegetal Quebracho Blanco Premium do Paraguai<\/span> Read More \u00bb<\/a><\/p>\n","protected":false},"author":1,"featured_media":3019,"parent":0,"menu_order":0,"comment_status":"closed","ping_status":"closed","template":"","meta":{"_uag_custom_page_level_css":"","site-sidebar-layout":"no-sidebar","site-content-layout":"page-builder","ast-global-header-display":"","ast-main-header-display":"","ast-hfb-above-header-display":"","ast-hfb-below-header-display":"","ast-hfb-mobile-header-display":"","site-post-title":"disabled","ast-breadcrumbs-content":"","ast-featured-img":"disabled","footer-sml-layout":"","theme-transparent-header-meta":"disabled","adv-header-id-meta":"","stick-header-meta":"","header-above-stick-meta":"","header-main-stick-meta":"","header-below-stick-meta":"","footnotes":""},"class_list":["post-3018","page","type-page","status-publish","has-post-thumbnail","hentry"],"yoast_head":"<!-- This site is optimized with the Yoast SEO plugin v27.6 - https:\/\/yoast.com\/product\/yoast-seo-wordpress\/ -->\n<title>Carv\u00e3o vegetal Quebracho Blanco: A melhor exporta\u00e7\u00e3o do Paraguai para grelhar<\/title>\n<meta name=\"description\" content=\"Descubra o carv\u00e3o Quebracho Blanco premium do Paraguai. Experimente o combust\u00edvel ecol\u00f3gico da melhor qualidade para grelhados, churrasqueiras e muito mais - enviado para o mundo todo!\" \/>\n<meta name=\"robots\" content=\"index, follow, max-snippet:-1, max-image-preview:large, max-video-preview:-1\" \/>\n<link rel=\"canonical\" href=\"https:\/\/quebrachoexport.com\/pt-br\/\" \/>\n<meta property=\"og:locale\" content=\"pt_BR\" \/>\n<meta property=\"og:type\" content=\"article\" \/>\n<meta property=\"og:title\" content=\"Carv\u00e3o vegetal Quebracho Blanco: A melhor exporta\u00e7\u00e3o do Paraguai para grelhar\" \/>\n<meta property=\"og:description\" content=\"Descubra o carv\u00e3o Quebracho Blanco premium do Paraguai. Experimente o combust\u00edvel ecol\u00f3gico da melhor qualidade para grelhados, churrasqueiras e muito mais - enviado para o mundo todo!\" \/>\n<meta property=\"og:url\" content=\"https:\/\/quebrachoexport.com\/pt-br\/\" \/>\n<meta property=\"og:site_name\" content=\"Premium Quebracho Blanco Charcoal From Paraguay\" \/>\n<meta property=\"article:publisher\" content=\"https:\/\/www.facebook.com\/quebrachoexport\" \/>\n<meta property=\"article:modified_time\" content=\"2024-10-09T14:18:37+00:00\" \/>\n<meta property=\"og:image\" content=\"https:\/\/quebrachoexport.com\/wp-content\/uploads\/2024\/07\/white-quebracho-charoal.jpeg\" \/>\n\t<meta property=\"og:image:width\" content=\"1025\" \/>\n\t<meta property=\"og:image:height\" content=\"1280\" \/>\n\t<meta property=\"og:image:type\" content=\"image\/jpeg\" \/>\n<meta name=\"twitter:card\" content=\"summary_large_image\" \/>\n<meta name=\"twitter:label1\" content=\"Est. tempo de leitura\" \/>\n\t<meta name=\"twitter:data1\" content=\"3 minutos\" \/>\n<script type=\"application\/ld+json\" class=\"yoast-schema-graph\">{\"@context\":\"https:\\\/\\\/schema.org\",\"@graph\":[{\"@type\":\"WebPage\",\"@id\":\"https:\\\/\\\/quebrachoexport.com\\\/pt-br\\\/\",\"url\":\"https:\\\/\\\/quebrachoexport.com\\\/pt-br\\\/\",\"name\":\"Carv\u00e3o vegetal Quebracho Blanco: A melhor exporta\u00e7\u00e3o do Paraguai para grelhar\",\"isPartOf\":{\"@id\":\"https:\\\/\\\/quebrachoexport.com\\\/pt-br\\\/#website\"},\"primaryImageOfPage\":{\"@id\":\"https:\\\/\\\/quebrachoexport.com\\\/pt-br\\\/#primaryimage\"},\"image\":{\"@id\":\"https:\\\/\\\/quebrachoexport.com\\\/pt-br\\\/#primaryimage\"},\"thumbnailUrl\":\"https:\\\/\\\/quebrachoexport.com\\\/wp-content\\\/uploads\\\/2024\\\/07\\\/white-quebracho-charoal.jpeg\",\"datePublished\":\"2022-02-24T05:02:56+00:00\",\"dateModified\":\"2024-10-09T14:18:37+00:00\",\"description\":\"Descubra o carv\u00e3o Quebracho Blanco premium do Paraguai. Experimente o combust\u00edvel ecol\u00f3gico da melhor qualidade para grelhados, churrasqueiras e muito mais - enviado para o mundo todo!\",\"breadcrumb\":{\"@id\":\"https:\\\/\\\/quebrachoexport.com\\\/pt-br\\\/#breadcrumb\"},\"inLanguage\":\"pt-BR\",\"potentialAction\":[{\"@type\":\"ReadAction\",\"target\":[\"https:\\\/\\\/quebrachoexport.com\\\/pt-br\\\/\"]}]},{\"@type\":\"ImageObject\",\"inLanguage\":\"pt-BR\",\"@id\":\"https:\\\/\\\/quebrachoexport.com\\\/pt-br\\\/#primaryimage\",\"url\":\"https:\\\/\\\/quebrachoexport.com\\\/wp-content\\\/uploads\\\/2024\\\/07\\\/white-quebracho-charoal.jpeg\",\"contentUrl\":\"https:\\\/\\\/quebrachoexport.com\\\/wp-content\\\/uploads\\\/2024\\\/07\\\/white-quebracho-charoal.jpeg\",\"width\":1025,\"height\":1280},{\"@type\":\"BreadcrumbList\",\"@id\":\"https:\\\/\\\/quebrachoexport.com\\\/pt-br\\\/#breadcrumb\",\"itemListElement\":[{\"@type\":\"ListItem\",\"position\":1,\"name\":\"Home\",\"item\":\"https:\\\/\\\/quebrachoexport.com\\\/pt-br\\\/carvao-vegetal-quebracho-blanco-premium-do-paraguai\\\/\"},{\"@type\":\"ListItem\",\"position\":2,\"name\":\"Carv\u00e3o vegetal Quebracho Blanco Premium do Paraguai\"}]},{\"@type\":\"WebSite\",\"@id\":\"https:\\\/\\\/quebrachoexport.com\\\/pt-br\\\/#website\",\"url\":\"https:\\\/\\\/quebrachoexport.com\\\/pt-br\\\/\",\"name\":\"Premium Quebracho Blanco Charcoal From Paraguay\",\"description\":\"\",\"potentialAction\":[{\"@type\":\"SearchAction\",\"target\":{\"@type\":\"EntryPoint\",\"urlTemplate\":\"https:\\\/\\\/quebrachoexport.com\\\/pt-br\\\/?s={search_term_string}\"},\"query-input\":{\"@type\":\"PropertyValueSpecification\",\"valueRequired\":true,\"valueName\":\"search_term_string\"}}],\"inLanguage\":\"pt-BR\"}]}<\/script>\n<!-- \/ Yoast SEO plugin. -->","yoast_head_json":{"title":"Carv\u00e3o vegetal Quebracho Blanco: A melhor exporta\u00e7\u00e3o do Paraguai para grelhar","description":"Descubra o carv\u00e3o Quebracho Blanco premium do Paraguai. Experimente o combust\u00edvel ecol\u00f3gico da melhor qualidade para grelhados, churrasqueiras e muito mais - enviado para o mundo todo!","robots":{"index":"index","follow":"follow","max-snippet":"max-snippet:-1","max-image-preview":"max-image-preview:large","max-video-preview":"max-video-preview:-1"},"canonical":"https:\/\/quebrachoexport.com\/pt-br\/","og_locale":"pt_BR","og_type":"article","og_title":"Carv\u00e3o vegetal Quebracho Blanco: A melhor exporta\u00e7\u00e3o do Paraguai para grelhar","og_description":"Descubra o carv\u00e3o Quebracho Blanco premium do Paraguai. Experimente o combust\u00edvel ecol\u00f3gico da melhor qualidade para grelhados, churrasqueiras e muito mais - enviado para o mundo todo!","og_url":"https:\/\/quebrachoexport.com\/pt-br\/","og_site_name":"Premium Quebracho Blanco Charcoal From Paraguay","article_publisher":"https:\/\/www.facebook.com\/quebrachoexport","article_modified_time":"2024-10-09T14:18:37+00:00","og_image":[{"width":1025,"height":1280,"url":"https:\/\/quebrachoexport.com\/wp-content\/uploads\/2024\/07\/white-quebracho-charoal.jpeg","type":"image\/jpeg"}],"twitter_card":"summary_large_image","twitter_misc":{"Est. tempo de leitura":"3 minutos"},"schema":{"@context":"https:\/\/schema.org","@graph":[{"@type":"WebPage","@id":"https:\/\/quebrachoexport.com\/pt-br\/","url":"https:\/\/quebrachoexport.com\/pt-br\/","name":"Carv\u00e3o vegetal Quebracho Blanco: A melhor exporta\u00e7\u00e3o do Paraguai para grelhar","isPartOf":{"@id":"https:\/\/quebrachoexport.com\/pt-br\/#website"},"primaryImageOfPage":{"@id":"https:\/\/quebrachoexport.com\/pt-br\/#primaryimage"},"image":{"@id":"https:\/\/quebrachoexport.com\/pt-br\/#primaryimage"},"thumbnailUrl":"https:\/\/quebrachoexport.com\/wp-content\/uploads\/2024\/07\/white-quebracho-charoal.jpeg","datePublished":"2022-02-24T05:02:56+00:00","dateModified":"2024-10-09T14:18:37+00:00","description":"Descubra o carv\u00e3o Quebracho Blanco premium do Paraguai. Experimente o combust\u00edvel ecol\u00f3gico da melhor qualidade para grelhados, churrasqueiras e muito mais - enviado para o mundo todo!","breadcrumb":{"@id":"https:\/\/quebrachoexport.com\/pt-br\/#breadcrumb"},"inLanguage":"pt-BR","potentialAction":[{"@type":"ReadAction","target":["https:\/\/quebrachoexport.com\/pt-br\/"]}]},{"@type":"ImageObject","inLanguage":"pt-BR","@id":"https:\/\/quebrachoexport.com\/pt-br\/#primaryimage","url":"https:\/\/quebrachoexport.com\/wp-content\/uploads\/2024\/07\/white-quebracho-charoal.jpeg","contentUrl":"https:\/\/quebrachoexport.com\/wp-content\/uploads\/2024\/07\/white-quebracho-charoal.jpeg","width":1025,"height":1280},{"@type":"BreadcrumbList","@id":"https:\/\/quebrachoexport.com\/pt-br\/#breadcrumb","itemListElement":[{"@type":"ListItem","position":1,"name":"Home","item":"https:\/\/quebrachoexport.com\/pt-br\/carvao-vegetal-quebracho-blanco-premium-do-paraguai\/"},{"@type":"ListItem","position":2,"name":"Carv\u00e3o vegetal Quebracho Blanco Premium do Paraguai"}]},{"@type":"WebSite","@id":"https:\/\/quebrachoexport.com\/pt-br\/#website","url":"https:\/\/quebrachoexport.com\/pt-br\/","name":"Premium Quebracho Blanco Charcoal From Paraguay","description":"","potentialAction":[{"@type":"SearchAction","target":{"@type":"EntryPoint","urlTemplate":"https:\/\/quebrachoexport.com\/pt-br\/?s={search_term_string}"},"query-input":{"@type":"PropertyValueSpecification","valueRequired":true,"valueName":"search_term_string"}}],"inLanguage":"pt-BR"}]}},"uagb_featured_image_src":{"full":["https:\/\/quebrachoexport.com\/wp-content\/uploads\/2024\/07\/white-quebracho-charoal.jpeg",1025,1280,false],"thumbnail":["https:\/\/quebrachoexport.com\/wp-content\/uploads\/2024\/07\/white-quebracho-charoal-150x150.jpeg",150,150,true],"medium":["https:\/\/quebrachoexport.com\/wp-content\/uploads\/2024\/07\/white-quebracho-charoal-240x300.jpeg",240,300,true],"medium_large":["https:\/\/quebrachoexport.com\/wp-content\/uploads\/2024\/07\/white-quebracho-charoal-768x959.jpeg",768,959,true],"large":["https:\/\/quebrachoexport.com\/wp-content\/uploads\/2024\/07\/white-quebracho-charoal-820x1024.jpeg",820,1024,true],"1536x1536":["https:\/\/quebrachoexport.com\/wp-content\/uploads\/2024\/07\/white-quebracho-charoal.jpeg",1025,1280,false],"2048x2048":["https:\/\/quebrachoexport.com\/wp-content\/uploads\/2024\/07\/white-quebracho-charoal.jpeg",1025,1280,false]},"uagb_author_info":{"display_name":"admin","author_link":"https:\/\/quebrachoexport.com\/pt-br\/author\/admin\/"},"uagb_comment_info":0,"uagb_excerpt":"UMA TRADI\u00c7\u00c3O DE EXCEL\u00caNCIA EM CARV\u00c3O VEGETAL DE QUEBRACHO PARAGUAIO Fundada em 1990, a QuebrachoExport.com tem sido uma das principais exportadoras de carv\u00e3o Quebracho Blanco premium do Paraguai para v\u00e1rios pa\u00edses europeus e para os Estados Unidos. Ao longo dos anos, fornecemos com orgulho in\u00fameras marcas e r\u00f3tulos privados com nosso carv\u00e3o de alta qualidade,&hellip;","_links":{"self":[{"href":"https:\/\/quebrachoexport.com\/pt-br\/wp-json\/wp\/v2\/pages\/3018","targetHints":{"allow":["GET"]}}],"collection":[{"href":"https:\/\/quebrachoexport.com\/pt-br\/wp-json\/wp\/v2\/pages"}],"about":[{"href":"https:\/\/quebrachoexport.com\/pt-br\/wp-json\/wp\/v2\/types\/page"}],"author":[{"embeddable":true,"href":"https:\/\/quebrachoexport.com\/pt-br\/wp-json\/wp\/v2\/users\/1"}],"replies":[{"embeddable":true,"href":"https:\/\/quebrachoexport.com\/pt-br\/wp-json\/wp\/v2\/comments?post=3018"}],"version-history":[{"count":1,"href":"https:\/\/quebrachoexport.com\/pt-br\/wp-json\/wp\/v2\/pages\/3018\/revisions"}],"predecessor-version":[{"id":3020,"href":"https:\/\/quebrachoexport.com\/pt-br\/wp-json\/wp\/v2\/pages\/3018\/revisions\/3020"}],"wp:featuredmedia":[{"embeddable":true,"href":"https:\/\/quebrachoexport.com\/pt-br\/wp-json\/wp\/v2\/media\/3019"}],"wp:attachment":[{"href":"https:\/\/quebrachoexport.com\/pt-br\/wp-json\/wp\/v2\/media?parent=3018"}],"curies":[{"name":"wp","href":"https:\/\/api.w.org\/{rel}","templated":true}]}}