{"id":3021,"date":"2022-02-24T05:03:32","date_gmt":"2022-02-24T05:03:32","guid":{"rendered":"https:\/\/quebrachoexport.com\/sobre-nos\/"},"modified":"2024-10-09T14:21:13","modified_gmt":"2024-10-09T14:21:13","slug":"sobre-nos","status":"publish","type":"page","link":"https:\/\/quebrachoexport.com\/pt-br\/sobre-nos\/","title":{"rendered":"Sobre n\u00f3s"},"content":{"rendered":"\n<div class=\"wp-block-uagb-container uagb-block-47366506 alignfull uagb-is-root-container\"><div class=\"uagb-container-inner-blocks-wrap\">\n<div class=\"wp-block-uagb-advanced-heading uagb-block-d97bb5be\"><h2 class=\"uagb-heading-text\">UMA TRADI\u00c7\u00c3O DE EXCEL\u00caNCIA EM CARV\u00c3O VEGETAL DE QUEBRACHO PARAGUAIO<\/h2><\/div>\n\n\n\n<p><\/p>\n\n\n\n<p>Fundada em 1990, a QuebrachoExport.com tem sido uma das principais exportadoras de carv\u00e3o Quebracho Blanco premium do Paraguai para v\u00e1rios pa\u00edses europeus e para os Estados Unidos. Ao longo dos anos, temos orgulho de fornecer carv\u00e3o vegetal de alta qualidade a v\u00e1rias marcas e marcas pr\u00f3prias, garantindo uma experi\u00eancia de cozimento ao ar livre perfeita e agrad\u00e1vel para nossos clientes.<\/p>\n\n\n\n<p>Nosso sucesso est\u00e1 em nosso compromisso inabal\u00e1vel de usar apenas a madeira Quebracho Blanco paraguaia da melhor qualidade na produ\u00e7\u00e3o de nosso carv\u00e3o vegetal. Essa dedica\u00e7\u00e3o garante um produto de primeira linha que minimiza a fuma\u00e7a e as fa\u00edscas, preservando o aroma aut\u00eantico e natural do carv\u00e3o vegetal.<\/p>\n\n\n\n<p>Reconhecida por sua densidade e propriedades de queima lenta, a madeira Quebracho Blanco \u00e9 a escolha ideal para a fabrica\u00e7\u00e3o de carv\u00e3o vegetal premium com alto poder calor\u00edfico e queima duradoura. Cuidadosamente selecionado e processado, nosso carv\u00e3o Quebracho \u00e9 perfeito para sess\u00f5es de cozimento prolongadas, eliminando a necessidade de reabastecimento constante e permitindo que voc\u00ea se concentre em suas cria\u00e7\u00f5es culin\u00e1rias.<\/p>\n\n\n\n<p>Nosso carv\u00e3o Quebracho se destaca da concorr\u00eancia por produzir menos fuma\u00e7a e fa\u00edscas, o que o torna uma op\u00e7\u00e3o mais segura e conveniente para todas as suas necessidades de cozinhar ao ar livre. Rigorosamente testado para atender aos mais altos padr\u00f5es de qualidade, nosso carv\u00e3o vegetal oferece consistentemente um excelente desempenho, independentemente do ambiente de cozimento.<\/p>\n\n\n\n<p>No QuebrachoExport.com, temos imenso orgulho de nosso compromisso de fornecer aos clientes o melhor carv\u00e3o Quebracho do mercado. Nossa ampla experi\u00eancia na exporta\u00e7\u00e3o de carv\u00e3o vegetal Quebracho, combinada com nossa busca incans\u00e1vel pela qualidade, solidificou nossa reputa\u00e7\u00e3o como um fornecedor confi\u00e1vel do setor. Experimente a diferen\u00e7a do QuebrachoExport.com e eleve sua experi\u00eancia de cozinhar ao ar livre hoje mesmo.<\/p>\n<\/div><\/div>\n","protected":false},"excerpt":{"rendered":"<p>UMA TRADI\u00c7\u00c3O DE EXCEL\u00caNCIA EM CARV\u00c3O VEGETAL DE QUEBRACHO PARAGUAIO Fundada em 1990, a QuebrachoExport.com tem sido uma das principais exportadoras de carv\u00e3o Quebracho Blanco premium do Paraguai para v\u00e1rios pa\u00edses europeus e para os Estados Unidos. Ao longo dos anos, temos orgulho de fornecer carv\u00e3o vegetal de alta qualidade a v\u00e1rias marcas e marcas &hellip;<\/p>\n<p class=\"read-more\"> <a class=\"\" href=\"https:\/\/quebrachoexport.com\/pt-br\/sobre-nos\/\"> <span class=\"screen-reader-text\">Sobre n\u00f3s<\/span> Read More \u00bb<\/a><\/p>\n","protected":false},"author":1,"featured_media":0,"parent":0,"menu_order":0,"comment_status":"closed","ping_status":"closed","template":"","meta":{"_uag_custom_page_level_css":"","site-sidebar-layout":"no-sidebar","site-content-layout":"page-builder","ast-global-header-display":"","ast-main-header-display":"","ast-hfb-above-header-display":"","ast-hfb-below-header-display":"","ast-hfb-mobile-header-display":"","site-post-title":"disabled","ast-breadcrumbs-content":"","ast-featured-img":"disabled","footer-sml-layout":"","theme-transparent-header-meta":"enabled","adv-header-id-meta":"","stick-header-meta":"","header-above-stick-meta":"","header-main-stick-meta":"","header-below-stick-meta":"","footnotes":""},"class_list":["post-3021","page","type-page","status-publish","hentry"],"yoast_head":"<!-- This site is optimized with the Yoast SEO plugin v27.2 - https:\/\/yoast.com\/product\/yoast-seo-wordpress\/ -->\n<title>Sobre n\u00f3s - Premium Quebracho Blanco Charcoal From Paraguay<\/title>\n<meta name=\"robots\" content=\"index, follow, max-snippet:-1, max-image-preview:large, max-video-preview:-1\" \/>\n<link rel=\"canonical\" href=\"https:\/\/quebrachoexport.com\/pt-br\/sobre-nos\/\" \/>\n<meta property=\"og:locale\" content=\"pt_BR\" \/>\n<meta property=\"og:type\" content=\"article\" \/>\n<meta property=\"og:title\" content=\"Sobre n\u00f3s - Premium Quebracho Blanco Charcoal From Paraguay\" \/>\n<meta property=\"og:description\" content=\"UMA TRADI\u00c7\u00c3O DE EXCEL\u00caNCIA EM CARV\u00c3O VEGETAL DE QUEBRACHO PARAGUAIO Fundada em 1990, a QuebrachoExport.com tem sido uma das principais exportadoras de carv\u00e3o Quebracho Blanco premium do Paraguai para v\u00e1rios pa\u00edses europeus e para os Estados Unidos. Ao longo dos anos, temos orgulho de fornecer carv\u00e3o vegetal de alta qualidade a v\u00e1rias marcas e marcas &hellip; Sobre n\u00f3s Read More \u00bb\" \/>\n<meta property=\"og:url\" content=\"https:\/\/quebrachoexport.com\/pt-br\/sobre-nos\/\" \/>\n<meta property=\"og:site_name\" content=\"Premium Quebracho Blanco Charcoal From Paraguay\" \/>\n<meta property=\"article:publisher\" content=\"https:\/\/www.facebook.com\/quebrachoexport\" \/>\n<meta property=\"article:modified_time\" content=\"2024-10-09T14:21:13+00:00\" \/>\n<meta name=\"twitter:card\" content=\"summary_large_image\" \/>\n<meta name=\"twitter:label1\" content=\"Est. tempo de leitura\" \/>\n\t<meta name=\"twitter:data1\" content=\"2 minutos\" \/>\n<script type=\"application\/ld+json\" class=\"yoast-schema-graph\">{\"@context\":\"https:\/\/schema.org\",\"@graph\":[{\"@type\":\"WebPage\",\"@id\":\"https:\/\/quebrachoexport.com\/pt-br\/sobre-nos\/\",\"url\":\"https:\/\/quebrachoexport.com\/pt-br\/sobre-nos\/\",\"name\":\"Sobre n\u00f3s - Premium Quebracho Blanco Charcoal From Paraguay\",\"isPartOf\":{\"@id\":\"https:\/\/quebrachoexport.com\/pt-br\/#website\"},\"datePublished\":\"2022-02-24T05:03:32+00:00\",\"dateModified\":\"2024-10-09T14:21:13+00:00\",\"breadcrumb\":{\"@id\":\"https:\/\/quebrachoexport.com\/pt-br\/sobre-nos\/#breadcrumb\"},\"inLanguage\":\"pt-BR\",\"potentialAction\":[{\"@type\":\"ReadAction\",\"target\":[\"https:\/\/quebrachoexport.com\/pt-br\/sobre-nos\/\"]}]},{\"@type\":\"BreadcrumbList\",\"@id\":\"https:\/\/quebrachoexport.com\/pt-br\/sobre-nos\/#breadcrumb\",\"itemListElement\":[{\"@type\":\"ListItem\",\"position\":1,\"name\":\"Home\",\"item\":\"https:\/\/quebrachoexport.com\/pt-br\/carvao-vegetal-quebracho-blanco-premium-do-paraguai\/\"},{\"@type\":\"ListItem\",\"position\":2,\"name\":\"Sobre n\u00f3s\"}]},{\"@type\":\"WebSite\",\"@id\":\"https:\/\/quebrachoexport.com\/pt-br\/#website\",\"url\":\"https:\/\/quebrachoexport.com\/pt-br\/\",\"name\":\"Premium Quebracho Blanco Charcoal From Paraguay\",\"description\":\"\",\"potentialAction\":[{\"@type\":\"SearchAction\",\"target\":{\"@type\":\"EntryPoint\",\"urlTemplate\":\"https:\/\/quebrachoexport.com\/pt-br\/?s={search_term_string}\"},\"query-input\":{\"@type\":\"PropertyValueSpecification\",\"valueRequired\":true,\"valueName\":\"search_term_string\"}}],\"inLanguage\":\"pt-BR\"}]}<\/script>\n<!-- \/ Yoast SEO plugin. -->","yoast_head_json":{"title":"Sobre n\u00f3s - Premium Quebracho Blanco Charcoal From Paraguay","robots":{"index":"index","follow":"follow","max-snippet":"max-snippet:-1","max-image-preview":"max-image-preview:large","max-video-preview":"max-video-preview:-1"},"canonical":"https:\/\/quebrachoexport.com\/pt-br\/sobre-nos\/","og_locale":"pt_BR","og_type":"article","og_title":"Sobre n\u00f3s - Premium Quebracho Blanco Charcoal From Paraguay","og_description":"UMA TRADI\u00c7\u00c3O DE EXCEL\u00caNCIA EM CARV\u00c3O VEGETAL DE QUEBRACHO PARAGUAIO Fundada em 1990, a QuebrachoExport.com tem sido uma das principais exportadoras de carv\u00e3o Quebracho Blanco premium do Paraguai para v\u00e1rios pa\u00edses europeus e para os Estados Unidos. Ao longo dos anos, temos orgulho de fornecer carv\u00e3o vegetal de alta qualidade a v\u00e1rias marcas e marcas &hellip; Sobre n\u00f3s Read More \u00bb","og_url":"https:\/\/quebrachoexport.com\/pt-br\/sobre-nos\/","og_site_name":"Premium Quebracho Blanco Charcoal From Paraguay","article_publisher":"https:\/\/www.facebook.com\/quebrachoexport","article_modified_time":"2024-10-09T14:21:13+00:00","twitter_card":"summary_large_image","twitter_misc":{"Est. tempo de leitura":"2 minutos"},"schema":{"@context":"https:\/\/schema.org","@graph":[{"@type":"WebPage","@id":"https:\/\/quebrachoexport.com\/pt-br\/sobre-nos\/","url":"https:\/\/quebrachoexport.com\/pt-br\/sobre-nos\/","name":"Sobre n\u00f3s - Premium Quebracho Blanco Charcoal From Paraguay","isPartOf":{"@id":"https:\/\/quebrachoexport.com\/pt-br\/#website"},"datePublished":"2022-02-24T05:03:32+00:00","dateModified":"2024-10-09T14:21:13+00:00","breadcrumb":{"@id":"https:\/\/quebrachoexport.com\/pt-br\/sobre-nos\/#breadcrumb"},"inLanguage":"pt-BR","potentialAction":[{"@type":"ReadAction","target":["https:\/\/quebrachoexport.com\/pt-br\/sobre-nos\/"]}]},{"@type":"BreadcrumbList","@id":"https:\/\/quebrachoexport.com\/pt-br\/sobre-nos\/#breadcrumb","itemListElement":[{"@type":"ListItem","position":1,"name":"Home","item":"https:\/\/quebrachoexport.com\/pt-br\/carvao-vegetal-quebracho-blanco-premium-do-paraguai\/"},{"@type":"ListItem","position":2,"name":"Sobre n\u00f3s"}]},{"@type":"WebSite","@id":"https:\/\/quebrachoexport.com\/pt-br\/#website","url":"https:\/\/quebrachoexport.com\/pt-br\/","name":"Premium Quebracho Blanco Charcoal From Paraguay","description":"","potentialAction":[{"@type":"SearchAction","target":{"@type":"EntryPoint","urlTemplate":"https:\/\/quebrachoexport.com\/pt-br\/?s={search_term_string}"},"query-input":{"@type":"PropertyValueSpecification","valueRequired":true,"valueName":"search_term_string"}}],"inLanguage":"pt-BR"}]}},"uagb_featured_image_src":{"full":false,"thumbnail":false,"medium":false,"medium_large":false,"large":false,"1536x1536":false,"2048x2048":false},"uagb_author_info":{"display_name":"admin","author_link":"https:\/\/quebrachoexport.com\/pt-br\/author\/admin\/"},"uagb_comment_info":0,"uagb_excerpt":"UMA TRADI\u00c7\u00c3O DE EXCEL\u00caNCIA EM CARV\u00c3O VEGETAL DE QUEBRACHO PARAGUAIO Fundada em 1990, a QuebrachoExport.com tem sido uma das principais exportadoras de carv\u00e3o Quebracho Blanco premium do Paraguai para v\u00e1rios pa\u00edses europeus e para os Estados Unidos. Ao longo dos anos, temos orgulho de fornecer carv\u00e3o vegetal de alta qualidade a v\u00e1rias marcas e marcas&hellip;","_links":{"self":[{"href":"https:\/\/quebrachoexport.com\/pt-br\/wp-json\/wp\/v2\/pages\/3021","targetHints":{"allow":["GET"]}}],"collection":[{"href":"https:\/\/quebrachoexport.com\/pt-br\/wp-json\/wp\/v2\/pages"}],"about":[{"href":"https:\/\/quebrachoexport.com\/pt-br\/wp-json\/wp\/v2\/types\/page"}],"author":[{"embeddable":true,"href":"https:\/\/quebrachoexport.com\/pt-br\/wp-json\/wp\/v2\/users\/1"}],"replies":[{"embeddable":true,"href":"https:\/\/quebrachoexport.com\/pt-br\/wp-json\/wp\/v2\/comments?post=3021"}],"version-history":[{"count":1,"href":"https:\/\/quebrachoexport.com\/pt-br\/wp-json\/wp\/v2\/pages\/3021\/revisions"}],"predecessor-version":[{"id":3022,"href":"https:\/\/quebrachoexport.com\/pt-br\/wp-json\/wp\/v2\/pages\/3021\/revisions\/3022"}],"wp:attachment":[{"href":"https:\/\/quebrachoexport.com\/pt-br\/wp-json\/wp\/v2\/media?parent=3021"}],"curies":[{"name":"wp","href":"https:\/\/api.w.org\/{rel}","templated":true}]}}