{"id":3023,"date":"2022-02-24T05:05:12","date_gmt":"2022-02-24T05:05:12","guid":{"rendered":"https:\/\/quebrachoexport.com\/entre-em-contato-conosco\/"},"modified":"2024-10-09T14:22:40","modified_gmt":"2024-10-09T14:22:40","slug":"entre-em-contato-conosco","status":"publish","type":"page","link":"https:\/\/quebrachoexport.com\/pt-br\/entre-em-contato-conosco\/","title":{"rendered":"Entre em contato conosco"},"content":{"rendered":"\n<div class=\"wp-block-uagb-container uagb-block-5992fb5d alignfull uagb-is-root-container\"><div class=\"uagb-container-inner-blocks-wrap\">\n<div class=\"wp-block-uagb-container uagb-block-4b57fb1f\">\n<div class=\"wp-block-uagb-advanced-heading uagb-block-fa84382d\"><h4 class=\"uagb-heading-text\">Voc\u00ea pode nos encontrar em<\/h4><\/div>\n\n\n\n<div class=\"wp-block-uagb-info-box uagb-block-da6efed7 uagb-infobox__content-wrap  uagb-infobox-icon-above-title uagb-infobox-image-valign-top\"><div class=\"uagb-ifb-content\"><div class=\"uagb-ifb-title-wrap\"><h3 class=\"uagb-ifb-title\">EMAIL<\/h3><\/div><p class=\"uagb-ifb-desc\"><strong>info@quebrachoexport.com<\/strong><\/p><\/div><\/div>\n\n\n\n<div class=\"wp-block-uagb-info-box uagb-block-3318a10d uagb-infobox__content-wrap  uagb-infobox-icon-above-title uagb-infobox-image-valign-top\"><div class=\"uagb-ifb-content\"><div class=\"uagb-ifb-title-wrap\"><h3 class=\"uagb-ifb-title\">N\u00daMERO DE TELEFONE<\/h3><\/div><p class=\"uagb-ifb-desc\"><strong><a href=\"tel:595991850766\">+595 991 850766<\/a><\/strong><\/p><\/div><\/div>\n\n\n\n<div class=\"wp-block-uagb-info-box uagb-block-5355b4fd uagb-infobox__content-wrap  uagb-infobox-icon-above-title uagb-infobox-image-valign-top\"><div class=\"uagb-ifb-content\"><div class=\"uagb-ifb-title-wrap\"><h3 class=\"uagb-ifb-title\">LOCALIZA\u00c7\u00c3O<\/h3><\/div><p class=\"uagb-ifb-desc\"><strong>Moises Bertoni 2749, Assun\u00e7\u00e3o, Paraguai<\/strong><\/p><\/div><\/div>\n\n\n\n<ul class=\"wp-block-social-links has-icon-color has-icon-background-color is-layout-flex wp-block-social-links-is-layout-flex\"><li style=\"color:#ffffff;background-color:#3962e3;\" class=\"wp-social-link wp-social-link-linkedin  wp-block-social-link\"><a href=\"https:\/\/www.linkedin.com\/company\/93223467\" class=\"wp-block-social-link-anchor\"><svg width=\"24\" height=\"24\" viewBox=\"0 0 24 24\" version=\"1.1\" xmlns=\"http:\/\/www.w3.org\/2000\/svg\" aria-hidden=\"true\" focusable=\"false\"><path d=\"M19.7,3H4.3C3.582,3,3,3.582,3,4.3v15.4C3,20.418,3.582,21,4.3,21h15.4c0.718,0,1.3-0.582,1.3-1.3V4.3 C21,3.582,20.418,3,19.7,3z M8.339,18.338H5.667v-8.59h2.672V18.338z M7.004,8.574c-0.857,0-1.549-0.694-1.549-1.548 c0-0.855,0.691-1.548,1.549-1.548c0.854,0,1.547,0.694,1.547,1.548C8.551,7.881,7.858,8.574,7.004,8.574z M18.339,18.338h-2.669 v-4.177c0-0.996-0.017-2.278-1.387-2.278c-1.389,0-1.601,1.086-1.601,2.206v4.249h-2.667v-8.59h2.559v1.174h0.037 c0.356-0.675,1.227-1.387,2.526-1.387c2.703,0,3.203,1.779,3.203,4.092V18.338z\"><\/path><\/svg><span class=\"wp-block-social-link-label screen-reader-text\">LinkedIn<\/span><\/a><\/li>\n\n<li style=\"color:#ffffff;background-color:#3962e3;\" class=\"wp-social-link wp-social-link-facebook  wp-block-social-link\"><a href=\"https:\/\/www.facebook.com\/quebrachoexport\" class=\"wp-block-social-link-anchor\"><svg width=\"24\" height=\"24\" viewBox=\"0 0 24 24\" version=\"1.1\" xmlns=\"http:\/\/www.w3.org\/2000\/svg\" aria-hidden=\"true\" focusable=\"false\"><path d=\"M12 2C6.5 2 2 6.5 2 12c0 5 3.7 9.1 8.4 9.9v-7H7.9V12h2.5V9.8c0-2.5 1.5-3.9 3.8-3.9 1.1 0 2.2.2 2.2.2v2.5h-1.3c-1.2 0-1.6.8-1.6 1.6V12h2.8l-.4 2.9h-2.3v7C18.3 21.1 22 17 22 12c0-5.5-4.5-10-10-10z\"><\/path><\/svg><span class=\"wp-block-social-link-label screen-reader-text\">Facebook<\/span><\/a><\/li><\/ul>\n<\/div>\n\n\n\n<div class=\"wp-block-uagb-container uagb-block-2b1a2f51\">\n<div class=\"wp-block-uagb-advanced-heading uagb-block-6e9a5505\"><h2 class=\"uagb-heading-text\">Entre em contato conosco para atender \u00e0s suas necessidades de carv\u00e3o vegetal<\/h2><\/div>\n\n\n\n<iframe data-src=\"https:\/\/link.jbenquet.com\/widget\/form\/EV2MDtnQU553Wc9AU7Ie\" style=\"width:100%;height:100%;border:none;border-radius:4px\" id=\"inline-EV2MDtnQU553Wc9AU7Ie\" data-layout=\"{'id':'INLINE'}\" data-trigger-type=\"alwaysShow\" data-trigger-value=\"\" data-activation-type=\"alwaysActivated\" data-activation-value=\"\" data-deactivation-type=\"neverDeactivate\" data-deactivation-value=\"\" data-form-name=\"Form 1\" data-height=\"447\" data-layout-iframe-id=\"inline-EV2MDtnQU553Wc9AU7Ie\" data-form-id=\"EV2MDtnQU553Wc9AU7Ie\" title=\"Formul\u00e1rio 1\" src=\"data:image\/svg+xml;base64,PHN2ZyB3aWR0aD0iMSIgaGVpZ2h0PSIxIiB4bWxucz0iaHR0cDovL3d3dy53My5vcmcvMjAwMC9zdmciPjwvc3ZnPg==\" class=\"lazyload\" data-load-mode=\"1\">\n<\/iframe>\n<script src=\"https:\/\/link.jbenquet.com\/js\/form_embed.js\"><\/script>\n<\/div>\n<\/div><\/div>\n","protected":false},"excerpt":{"rendered":"<p>Voc\u00ea pode nos encontrar em Entre em contato conosco para atender \u00e0s suas necessidades de carv\u00e3o vegetal<\/p>\n","protected":false},"author":1,"featured_media":0,"parent":0,"menu_order":0,"comment_status":"closed","ping_status":"closed","template":"","meta":{"_uag_custom_page_level_css":"","site-sidebar-layout":"no-sidebar","site-content-layout":"page-builder","ast-global-header-display":"","ast-main-header-display":"","ast-hfb-above-header-display":"","ast-hfb-below-header-display":"","ast-hfb-mobile-header-display":"","site-post-title":"disabled","ast-breadcrumbs-content":"","ast-featured-img":"disabled","footer-sml-layout":"","theme-transparent-header-meta":"enabled","adv-header-id-meta":"","stick-header-meta":"","header-above-stick-meta":"","header-main-stick-meta":"","header-below-stick-meta":"","footnotes":""},"class_list":["post-3023","page","type-page","status-publish","hentry"],"yoast_head":"<!-- This site is optimized with the Yoast SEO plugin v27.2 - https:\/\/yoast.com\/product\/yoast-seo-wordpress\/ -->\n<title>Entre em contato conosco - Premium Quebracho Blanco Charcoal From Paraguay<\/title>\n<meta name=\"robots\" content=\"index, follow, max-snippet:-1, max-image-preview:large, max-video-preview:-1\" \/>\n<link rel=\"canonical\" href=\"https:\/\/quebrachoexport.com\/pt-br\/entre-em-contato-conosco\/\" \/>\n<meta property=\"og:locale\" content=\"pt_BR\" \/>\n<meta property=\"og:type\" content=\"article\" \/>\n<meta property=\"og:title\" content=\"Entre em contato conosco - Premium Quebracho Blanco Charcoal From Paraguay\" \/>\n<meta property=\"og:description\" content=\"Voc\u00ea pode nos encontrar em Entre em contato conosco para atender \u00e0s suas necessidades de carv\u00e3o vegetal\" \/>\n<meta property=\"og:url\" content=\"https:\/\/quebrachoexport.com\/pt-br\/entre-em-contato-conosco\/\" \/>\n<meta property=\"og:site_name\" content=\"Premium Quebracho Blanco Charcoal From Paraguay\" \/>\n<meta property=\"article:publisher\" content=\"https:\/\/www.facebook.com\/quebrachoexport\" \/>\n<meta property=\"article:modified_time\" content=\"2024-10-09T14:22:40+00:00\" \/>\n<meta name=\"twitter:card\" content=\"summary_large_image\" \/>\n<script type=\"application\/ld+json\" class=\"yoast-schema-graph\">{\"@context\":\"https:\/\/schema.org\",\"@graph\":[{\"@type\":\"WebPage\",\"@id\":\"https:\/\/quebrachoexport.com\/pt-br\/entre-em-contato-conosco\/\",\"url\":\"https:\/\/quebrachoexport.com\/pt-br\/entre-em-contato-conosco\/\",\"name\":\"Entre em contato conosco - Premium Quebracho Blanco Charcoal From Paraguay\",\"isPartOf\":{\"@id\":\"https:\/\/quebrachoexport.com\/pt-br\/#website\"},\"datePublished\":\"2022-02-24T05:05:12+00:00\",\"dateModified\":\"2024-10-09T14:22:40+00:00\",\"breadcrumb\":{\"@id\":\"https:\/\/quebrachoexport.com\/pt-br\/entre-em-contato-conosco\/#breadcrumb\"},\"inLanguage\":\"pt-BR\",\"potentialAction\":[{\"@type\":\"ReadAction\",\"target\":[\"https:\/\/quebrachoexport.com\/pt-br\/entre-em-contato-conosco\/\"]}]},{\"@type\":\"BreadcrumbList\",\"@id\":\"https:\/\/quebrachoexport.com\/pt-br\/entre-em-contato-conosco\/#breadcrumb\",\"itemListElement\":[{\"@type\":\"ListItem\",\"position\":1,\"name\":\"Home\",\"item\":\"https:\/\/quebrachoexport.com\/pt-br\/carvao-vegetal-quebracho-blanco-premium-do-paraguai\/\"},{\"@type\":\"ListItem\",\"position\":2,\"name\":\"Entre em contato conosco\"}]},{\"@type\":\"WebSite\",\"@id\":\"https:\/\/quebrachoexport.com\/pt-br\/#website\",\"url\":\"https:\/\/quebrachoexport.com\/pt-br\/\",\"name\":\"Premium Quebracho Blanco Charcoal From Paraguay\",\"description\":\"\",\"potentialAction\":[{\"@type\":\"SearchAction\",\"target\":{\"@type\":\"EntryPoint\",\"urlTemplate\":\"https:\/\/quebrachoexport.com\/pt-br\/?s={search_term_string}\"},\"query-input\":{\"@type\":\"PropertyValueSpecification\",\"valueRequired\":true,\"valueName\":\"search_term_string\"}}],\"inLanguage\":\"pt-BR\"}]}<\/script>\n<!-- \/ Yoast SEO plugin. -->","yoast_head_json":{"title":"Entre em contato conosco - Premium Quebracho Blanco Charcoal From Paraguay","robots":{"index":"index","follow":"follow","max-snippet":"max-snippet:-1","max-image-preview":"max-image-preview:large","max-video-preview":"max-video-preview:-1"},"canonical":"https:\/\/quebrachoexport.com\/pt-br\/entre-em-contato-conosco\/","og_locale":"pt_BR","og_type":"article","og_title":"Entre em contato conosco - Premium Quebracho Blanco Charcoal From Paraguay","og_description":"Voc\u00ea pode nos encontrar em Entre em contato conosco para atender \u00e0s suas necessidades de carv\u00e3o vegetal","og_url":"https:\/\/quebrachoexport.com\/pt-br\/entre-em-contato-conosco\/","og_site_name":"Premium Quebracho Blanco Charcoal From Paraguay","article_publisher":"https:\/\/www.facebook.com\/quebrachoexport","article_modified_time":"2024-10-09T14:22:40+00:00","twitter_card":"summary_large_image","schema":{"@context":"https:\/\/schema.org","@graph":[{"@type":"WebPage","@id":"https:\/\/quebrachoexport.com\/pt-br\/entre-em-contato-conosco\/","url":"https:\/\/quebrachoexport.com\/pt-br\/entre-em-contato-conosco\/","name":"Entre em contato conosco - Premium Quebracho Blanco Charcoal From Paraguay","isPartOf":{"@id":"https:\/\/quebrachoexport.com\/pt-br\/#website"},"datePublished":"2022-02-24T05:05:12+00:00","dateModified":"2024-10-09T14:22:40+00:00","breadcrumb":{"@id":"https:\/\/quebrachoexport.com\/pt-br\/entre-em-contato-conosco\/#breadcrumb"},"inLanguage":"pt-BR","potentialAction":[{"@type":"ReadAction","target":["https:\/\/quebrachoexport.com\/pt-br\/entre-em-contato-conosco\/"]}]},{"@type":"BreadcrumbList","@id":"https:\/\/quebrachoexport.com\/pt-br\/entre-em-contato-conosco\/#breadcrumb","itemListElement":[{"@type":"ListItem","position":1,"name":"Home","item":"https:\/\/quebrachoexport.com\/pt-br\/carvao-vegetal-quebracho-blanco-premium-do-paraguai\/"},{"@type":"ListItem","position":2,"name":"Entre em contato conosco"}]},{"@type":"WebSite","@id":"https:\/\/quebrachoexport.com\/pt-br\/#website","url":"https:\/\/quebrachoexport.com\/pt-br\/","name":"Premium Quebracho Blanco Charcoal From Paraguay","description":"","potentialAction":[{"@type":"SearchAction","target":{"@type":"EntryPoint","urlTemplate":"https:\/\/quebrachoexport.com\/pt-br\/?s={search_term_string}"},"query-input":{"@type":"PropertyValueSpecification","valueRequired":true,"valueName":"search_term_string"}}],"inLanguage":"pt-BR"}]}},"uagb_featured_image_src":{"full":false,"thumbnail":false,"medium":false,"medium_large":false,"large":false,"1536x1536":false,"2048x2048":false},"uagb_author_info":{"display_name":"admin","author_link":"https:\/\/quebrachoexport.com\/pt-br\/author\/admin\/"},"uagb_comment_info":0,"uagb_excerpt":"Voc\u00ea pode nos encontrar em Entre em contato conosco para atender \u00e0s suas necessidades de carv\u00e3o vegetal","_links":{"self":[{"href":"https:\/\/quebrachoexport.com\/pt-br\/wp-json\/wp\/v2\/pages\/3023","targetHints":{"allow":["GET"]}}],"collection":[{"href":"https:\/\/quebrachoexport.com\/pt-br\/wp-json\/wp\/v2\/pages"}],"about":[{"href":"https:\/\/quebrachoexport.com\/pt-br\/wp-json\/wp\/v2\/types\/page"}],"author":[{"embeddable":true,"href":"https:\/\/quebrachoexport.com\/pt-br\/wp-json\/wp\/v2\/users\/1"}],"replies":[{"embeddable":true,"href":"https:\/\/quebrachoexport.com\/pt-br\/wp-json\/wp\/v2\/comments?post=3023"}],"version-history":[{"count":1,"href":"https:\/\/quebrachoexport.com\/pt-br\/wp-json\/wp\/v2\/pages\/3023\/revisions"}],"predecessor-version":[{"id":3024,"href":"https:\/\/quebrachoexport.com\/pt-br\/wp-json\/wp\/v2\/pages\/3023\/revisions\/3024"}],"wp:attachment":[{"href":"https:\/\/quebrachoexport.com\/pt-br\/wp-json\/wp\/v2\/media?parent=3023"}],"curies":[{"name":"wp","href":"https:\/\/api.w.org\/{rel}","templated":true}]}}